{"id":84596,"date":"2024-05-31T12:14:47","date_gmt":"2024-05-31T10:14:47","guid":{"rendered":"https:\/\/www.creamoda.be\/de-duurzaamheidsregels\/"},"modified":"2024-06-20T14:35:58","modified_gmt":"2024-06-20T12:35:58","slug":"de-duurzaamheidsregels","status":"publish","type":"page","link":"https:\/\/www.creamoda.be\/fr\/de-duurzaamheidsregels","title":{"rendered":"Les r\u00e8gles de durabilit\u00e9"},"content":{"rendered":"<p style=\"text-align: center;\"><span style=\"font-family: arial, helvetica, sans-serif; font-size: 18pt; color: #004b8c;\"><strong>Les r\u00e8gles de durabilit\u00e9<\/strong><\/span><\/p>\n<ul>\n<li style=\"text-align: justify;\"><span style=\"color: #b22222; font-family: arial, helvetica, sans-serif;\"><strong>ESPR: Ecodesign for Sustainable Products Regulation and DPP: Digital Product Passport:<br \/>\n<\/strong><\/span><span style=\"font-family: arial, helvetica, sans-serif; color: #333333;\">Ce r\u00e8glement a \u00e9t\u00e9 adopt\u00e9 par le Parlement europ\u00e9en. Le Conseil de l&#8217;Union europ\u00e9enne doit maintenant approuver la position du PE, ouvrant ainsi la voie \u00e0 la publication du texte final au Journal officiel de l&#8217;UE.<\/span><\/li>\n<\/ul>\n<ul>\n<li><span style=\"color: #b22222; font-family: arial, helvetica, sans-serif;\"><strong>WFD: Waste Framework Directive and EPR: Extended Producer Responsibility:<br \/>\n<\/strong><span style=\"color: #333333;\">Cette directive a \u00e9t\u00e9 adopt\u00e9e.<\/span><\/span><strong><br \/>\n<\/strong><\/li>\n<\/ul>\n<ul>\n<li><span style=\"font-family: arial, helvetica, sans-serif; color: #b22222;\"><strong>WSR: Waste Shipment Regulation:<br \/>\n<\/strong><span style=\"color: #333333;\"><span style=\"font-family: arial, helvetica, sans-serif;\">En attente de publication au JO.<\/span><\/span><\/span><\/li>\n<\/ul>\n<ul>\n<li><span style=\"font-family: arial, helvetica, sans-serif; color: #b22222;\"><strong>GCD: Green Claims Directive:<br \/>\n<\/strong><span style=\"color: #333333;\">En attente d&#8217;approbation.. Celle-ci est attendue pour le d\u00e9but de l&#8217;ann\u00e9e 2025<\/span><strong><span style=\"color: #808080;\"><br \/>\n<\/span><\/strong><\/span><\/li>\n<\/ul>\n<ul>\n<li><span style=\"font-family: arial, helvetica, sans-serif;\"><strong><span style=\"color: #b22222;\">GPP: Green Public Procurement:<\/span><br \/>\n<\/strong><span style=\"color: #333333;\">En attente de l&#8217;\u00e9laboration et de l&#8217;adoption de l&#8217;acte d\u00e9l\u00e9gu\u00e9.<\/span><\/span><\/li>\n<\/ul>\n<ul>\n<li><span style=\"font-family: arial, helvetica, sans-serif;\"><strong><span style=\"color: #b22222;\">CS3D: Corporate Sustainability Due Diligence Directive:<\/span><br \/>\n<\/strong><span style=\"color: #333333;\">Adopt\u00e9 par le Parlement europ\u00e9en. En attente d&#8217;adoption par le Conseil et de publication au JO.<\/span><\/span><\/li>\n<\/ul>\n<ul>\n<li><span style=\"font-family: arial, helvetica, sans-serif;\"><strong><span style=\"color: #b22222;\">CSRD: Corporate Sustainability Reporting Directive and ESRS: European Sustainability Reporting Standards.<\/span><br \/>\n<\/strong><span style=\"color: #999999;\"><span style=\"color: #b22222; font-family: arial, helvetica, sans-serif;\"><span style=\"color: #333333;\">Cette directive a \u00e9t\u00e9 adopt\u00e9e.<\/span><\/span><\/span><\/span><\/li>\n<\/ul>\n<ul>\n<li><strong><span style=\"font-family: arial, helvetica, sans-serif; color: #b22222;\">IED: Industrial Emissions Directive:<\/span><br \/>\n<\/strong><span style=\"font-family: arial, helvetica, sans-serif; color: #333333;\">En attente d&#8217;adoption en r\u00e9union pl\u00e9ni\u00e8re.<\/span><strong><br \/>\n<\/strong><\/li>\n<\/ul>\n<ul>\n<li><strong><span style=\"font-family: arial, helvetica, sans-serif; color: #b22222;\">Taxonomy Regulation:<\/span><br \/>\n<\/strong><span style=\"font-family: arial, helvetica, sans-serif; color: #999999;\"><span style=\"color: #b22222; font-family: arial, helvetica, sans-serif;\"><span style=\"color: #333333;\">Ce r\u00e8glement a \u00e9t\u00e9 adopt\u00e9.<\/span><\/span><\/span><strong><br \/>\n<\/strong><\/li>\n<\/ul>\n<ul>\n<li><strong><span style=\"font-family: arial, helvetica, sans-serif; color: #b22222;\">Microplastics Regulation:<\/span><br \/>\n<\/strong><span style=\"font-family: arial, helvetica, sans-serif; color: #999999;\"><span style=\"color: #b22222; font-family: arial, helvetica, sans-serif;\"><span style=\"color: #333333;\">Ce r\u00e8glement a \u00e9t\u00e9 adopt\u00e9.<\/span><\/span><\/span><strong><br \/>\n<\/strong><\/li>\n<\/ul>\n<ul>\n<li><strong><span style=\"font-family: arial, helvetica, sans-serif;\"><span style=\"color: #b22222;\">(U-)PFAS:<\/span><br \/>\n<\/span><\/strong><span style=\"font-family: arial, helvetica, sans-serif; color: #333333;\">La Commission pr\u00e9pare sa proposition l\u00e9gislative pour les \u00c9tats membres de l&#8217;UE en vue d&#8217;une discussion au sein du comit\u00e9 REACH. Le vote final des \u00c9tats membres sur les restrictions est pr\u00e9vu pour 2024-2025.<\/span><strong><span style=\"font-family: arial, helvetica, sans-serif;\"><br \/>\n<\/span><\/strong><\/li>\n<\/ul>\n<ul>\n<li><span style=\"font-family: arial, helvetica, sans-serif;\"><strong><span style=\"color: #b22222;\">Skin Sensitisers:<\/span><br \/>\n<\/strong><span style=\"color: #333333;\">Le contenu est toujours en cours de discussion.<\/span><strong><br \/>\n<\/strong><\/span><\/li>\n<\/ul>\n<ul>\n<li><span style=\"font-family: arial, helvetica, sans-serif;\"><strong><span style=\"color: #b22222;\">Bisphenol:<\/span><br \/>\n<\/strong><span style=\"color: #333333;\">Pas encore d&#8217;accord sur le contenu du projet de r\u00e8glement d\u00e9l\u00e9gu\u00e9.<\/span><strong><br \/>\n<\/strong><\/span><\/li>\n<\/ul>\n<ul>\n<li><span style=\"font-family: arial, helvetica, sans-serif;\"><strong><span style=\"color: #b22222;\">REACH Regulation Revision:<\/span><br \/>\n<\/strong><span style=\"color: #333333;\">Actuellement, la r\u00e9vision de REACH devrait entrer en vigueur entre 2025 et 2027.<\/span><strong><br \/>\n<\/strong><\/span><\/li>\n<\/ul>\n<ul>\n<li><span style=\"font-family: arial, helvetica, sans-serif; color: #b22222;\"><strong>PFHxA Restriction:<br \/>\n<\/strong><span style=\"color: #999999;\">Cette proposition a \u00e9t\u00e9 adopt\u00e9e.<\/span><strong><br \/>\n<\/strong><\/span><\/li>\n<\/ul>\n","protected":false},"excerpt":{"rendered":"<p>Les r\u00e8gles de durabilit\u00e9 ESPR: Ecodesign for Sustainable Products Regulation and DPP: Digital Product Passport: Ce r\u00e8glement a \u00e9t\u00e9 adopt\u00e9 par le Parlement europ\u00e9en. Le Conseil de l&#8217;Union europ\u00e9enne doit maintenant approuver la position du PE, ouvrant ainsi la voie \u00e0 la publication du texte final au Journal officiel de l&#8217;UE. WFD: Waste Framework Directive [&hellip;]<\/p>\n","protected":false},"author":68,"featured_media":0,"parent":0,"menu_order":0,"comment_status":"closed","ping_status":"closed","template":"","meta":{"_acf_changed":false,"inline_featured_image":false,"footnotes":""},"class_list":["post-84596","page","type-page","status-publish","hentry"],"acf":[],"_links":{"self":[{"href":"https:\/\/www.creamoda.be\/fr\/wp-json\/wp\/v2\/pages\/84596","targetHints":{"allow":["GET"]}}],"collection":[{"href":"https:\/\/www.creamoda.be\/fr\/wp-json\/wp\/v2\/pages"}],"about":[{"href":"https:\/\/www.creamoda.be\/fr\/wp-json\/wp\/v2\/types\/page"}],"author":[{"embeddable":true,"href":"https:\/\/www.creamoda.be\/fr\/wp-json\/wp\/v2\/users\/68"}],"replies":[{"embeddable":true,"href":"https:\/\/www.creamoda.be\/fr\/wp-json\/wp\/v2\/comments?post=84596"}],"version-history":[{"count":2,"href":"https:\/\/www.creamoda.be\/fr\/wp-json\/wp\/v2\/pages\/84596\/revisions"}],"predecessor-version":[{"id":84598,"href":"https:\/\/www.creamoda.be\/fr\/wp-json\/wp\/v2\/pages\/84596\/revisions\/84598"}],"wp:attachment":[{"href":"https:\/\/www.creamoda.be\/fr\/wp-json\/wp\/v2\/media?parent=84596"}],"curies":[{"name":"wp","href":"https:\/\/api.w.org\/{rel}","templated":true}]}}