{"id":83808,"date":"2024-05-28T14:03:30","date_gmt":"2024-05-28T12:03:30","guid":{"rendered":"https:\/\/www.creamoda.be\/eu-strategie-duurzaam-en-circulair-textiel\/"},"modified":"2024-06-13T13:48:24","modified_gmt":"2024-06-13T11:48:24","slug":"strategie-ue-textiles-durables-circulaires","status":"publish","type":"page","link":"https:\/\/www.creamoda.be\/fr\/strategie-ue-textiles-durables-circulaires","title":{"rendered":"Strat\u00e9gie de l&#8217;UE pour des textiles durables et circulaires"},"content":{"rendered":"<h2 style=\"text-align: center;\"><span style=\"font-family: arial, helvetica, sans-serif; color: #004b8c;\">Strat\u00e9gie de l&#8217;UE pour des textiles durables et circulaires<\/span><\/h2>\n<p style=\"text-align: justify;\"><span style=\"font-family: arial, helvetica, sans-serif;\">Afin de respecter les engagements du Green Deal europ\u00e9en et du nouveau PAEC, l&#8217;UE a \u00e9labor\u00e9 une strat\u00e9gie sp\u00e9cifique pour le secteur textile. La strat\u00e9gie de l&#8217;UE pour des textiles durables et circulaires r\u00e9inventera l&#8217;ensemble du cycle de vie des textiles et des chaussures, en changeant non seulement la fa\u00e7on dont les tissus sont fabriqu\u00e9s, mais aussi la fa\u00e7on dont ils sont consomm\u00e9s et finalement \u00e9limin\u00e9s. Il s&#8217;agit notamment de prolonger la dur\u00e9e de vie des textiles, d&#8217;accro\u00eetre l&#8217;utilisation de fibres recycl\u00e9es, de r\u00e9duire la &#8216;fast fashion&#8217; et de rendre les produits plus faciles \u00e0 r\u00e9parer ou \u00e0 recycler gr\u00e2ce \u00e0 un passeport num\u00e9rique. <\/span><\/p>\n<p style=\"text-align: justify;\"><span style=\"color: #0000ff;\"><a style=\"color: #0000ff;\" href=\"https:\/\/environment.ec.europa.eu\/strategy\/textiles-strategy_en\"><span style=\"font-family: arial, helvetica, sans-serif;\"><strong>Strat\u00e9gie textile &#8211; Commission europ\u00e9enne (europa.eu)<\/strong><\/span><\/a><\/span><\/p>\n","protected":false},"excerpt":{"rendered":"<p>Strat\u00e9gie de l&#8217;UE pour des textiles durables et circulaires Afin de respecter les engagements du Green Deal europ\u00e9en et du nouveau PAEC, l&#8217;UE a \u00e9labor\u00e9 une strat\u00e9gie sp\u00e9cifique pour le secteur textile. La strat\u00e9gie de l&#8217;UE pour des textiles durables et circulaires r\u00e9inventera l&#8217;ensemble du cycle de vie des textiles et des chaussures, en changeant [&hellip;]<\/p>\n","protected":false},"author":68,"featured_media":0,"parent":0,"menu_order":0,"comment_status":"closed","ping_status":"closed","template":"","meta":{"_acf_changed":false,"inline_featured_image":false,"footnotes":""},"class_list":["post-83808","page","type-page","status-publish","hentry"],"acf":[],"_links":{"self":[{"href":"https:\/\/www.creamoda.be\/fr\/wp-json\/wp\/v2\/pages\/83808","targetHints":{"allow":["GET"]}}],"collection":[{"href":"https:\/\/www.creamoda.be\/fr\/wp-json\/wp\/v2\/pages"}],"about":[{"href":"https:\/\/www.creamoda.be\/fr\/wp-json\/wp\/v2\/types\/page"}],"author":[{"embeddable":true,"href":"https:\/\/www.creamoda.be\/fr\/wp-json\/wp\/v2\/users\/68"}],"replies":[{"embeddable":true,"href":"https:\/\/www.creamoda.be\/fr\/wp-json\/wp\/v2\/comments?post=83808"}],"version-history":[{"count":4,"href":"https:\/\/www.creamoda.be\/fr\/wp-json\/wp\/v2\/pages\/83808\/revisions"}],"predecessor-version":[{"id":83813,"href":"https:\/\/www.creamoda.be\/fr\/wp-json\/wp\/v2\/pages\/83808\/revisions\/83813"}],"wp:attachment":[{"href":"https:\/\/www.creamoda.be\/fr\/wp-json\/wp\/v2\/media?parent=83808"}],"curies":[{"name":"wp","href":"https:\/\/api.w.org\/{rel}","templated":true}]}}