{"id":83804,"date":"2024-05-28T13:55:20","date_gmt":"2024-05-28T11:55:20","guid":{"rendered":"https:\/\/www.creamoda.be\/eu-actieplan-circulaire-economie-ceap\/"},"modified":"2024-06-13T13:33:46","modified_gmt":"2024-06-13T11:33:46","slug":"plan-action-ue-economie-circulaire","status":"publish","type":"page","link":"https:\/\/www.creamoda.be\/fr\/plan-action-ue-economie-circulaire","title":{"rendered":"Plan d&#8217;action de l&#8217;UE sur l&#8217;\u00e9conomie circulaire (CEAP)"},"content":{"rendered":"<h2 style=\"text-align: center;\"><span style=\"color: #004b8c; font-family: arial, helvetica, sans-serif;\">Plan d&#8217;action de l&#8217;UE sur l&#8217;\u00e9conomie circulaire (PAEC)<\/span><\/h2>\n<p style=\"text-align: justify;\"><span style=\"font-family: arial, helvetica, sans-serif;\">Le PAEC (Circular Economy Action Plan, CEAP) est la pierre angulaire du Green Deal europ\u00e9en. Le plan d&#8217;action se compose de 35 actions sp\u00e9cifiques et accorde une attention particuli\u00e8re au secteur textile, consid\u00e9r\u00e9 comme l&#8217;une des industries les plus consommatrices de ressources. Le plan d&#8217;action pour l&#8217;\u00e9conomie circulaire introduit une s\u00e9rie d&#8217;initiatives destin\u00e9es \u00e0 promouvoir la conception de produits durables, \u00e0 introduire des pratiques d&#8217;\u00e9conomie circulaire et \u00e0 r\u00e9duire la production de d\u00e9chets.<\/span><\/p>\n<p style=\"text-align: justify;\"><span style=\"color: #0000ff;\"><a style=\"color: #0000ff;\" href=\"https:\/\/environment.ec.europa.eu\/strategy\/circular-economy-action-plan_en\"><span style=\"font-family: arial, helvetica, sans-serif;\"><strong>Plan d&#8217;action pour l&#8217;\u00e9conomie circulaire &#8211; Commission europ\u00e9enne (europa.eu).<\/strong><\/span><\/a><\/span><\/p>\n","protected":false},"excerpt":{"rendered":"<p>Plan d&#8217;action de l&#8217;UE sur l&#8217;\u00e9conomie circulaire (PAEC) Le PAEC (Circular Economy Action Plan, CEAP) est la pierre angulaire du Green Deal europ\u00e9en. Le plan d&#8217;action se compose de 35 actions sp\u00e9cifiques et accorde une attention particuli\u00e8re au secteur textile, consid\u00e9r\u00e9 comme l&#8217;une des industries les plus consommatrices de ressources. Le plan d&#8217;action pour l&#8217;\u00e9conomie [&hellip;]<\/p>\n","protected":false},"author":68,"featured_media":0,"parent":0,"menu_order":0,"comment_status":"closed","ping_status":"closed","template":"","meta":{"_acf_changed":false,"inline_featured_image":false,"footnotes":""},"class_list":["post-83804","page","type-page","status-publish","hentry"],"acf":[],"_links":{"self":[{"href":"https:\/\/www.creamoda.be\/fr\/wp-json\/wp\/v2\/pages\/83804","targetHints":{"allow":["GET"]}}],"collection":[{"href":"https:\/\/www.creamoda.be\/fr\/wp-json\/wp\/v2\/pages"}],"about":[{"href":"https:\/\/www.creamoda.be\/fr\/wp-json\/wp\/v2\/types\/page"}],"author":[{"embeddable":true,"href":"https:\/\/www.creamoda.be\/fr\/wp-json\/wp\/v2\/users\/68"}],"replies":[{"embeddable":true,"href":"https:\/\/www.creamoda.be\/fr\/wp-json\/wp\/v2\/comments?post=83804"}],"version-history":[{"count":2,"href":"https:\/\/www.creamoda.be\/fr\/wp-json\/wp\/v2\/pages\/83804\/revisions"}],"predecessor-version":[{"id":83806,"href":"https:\/\/www.creamoda.be\/fr\/wp-json\/wp\/v2\/pages\/83804\/revisions\/83806"}],"wp:attachment":[{"href":"https:\/\/www.creamoda.be\/fr\/wp-json\/wp\/v2\/media?parent=83804"}],"curies":[{"name":"wp","href":"https:\/\/api.w.org\/{rel}","templated":true}]}}