{"id":12966,"date":"2021-12-20T18:59:27","date_gmt":"2021-12-20T16:59:27","guid":{"rendered":"https:\/\/www.creamoda.be\/?page_id=12966"},"modified":"2023-02-03T10:25:13","modified_gmt":"2023-02-03T08:25:13","slug":"bawear-score","status":"publish","type":"page","link":"https:\/\/www.creamoda.be\/fr\/bawear-score","title":{"rendered":"bAwear Score"},"content":{"rendered":"<h3 style=\"text-align: center;\"><img loading=\"lazy\" decoding=\"async\" class=\"alignnone wp-image-12998\" src=\"https:\/\/www.creamoda.be\/wp-content\/uploads\/2021\/12\/Creamoda_bAwear_groot-1024x233.png\" alt=\"\" width=\"655\" height=\"149\" srcset=\"https:\/\/www.creamoda.be\/wp-content\/uploads\/2021\/12\/Creamoda_bAwear_groot-1024x233.png 1024w, https:\/\/www.creamoda.be\/wp-content\/uploads\/2021\/12\/Creamoda_bAwear_groot-300x68.png 300w, https:\/\/www.creamoda.be\/wp-content\/uploads\/2021\/12\/Creamoda_bAwear_groot-768x175.png 768w, https:\/\/www.creamoda.be\/wp-content\/uploads\/2021\/12\/Creamoda_bAwear_groot-1536x350.png 1536w, https:\/\/www.creamoda.be\/wp-content\/uploads\/2021\/12\/Creamoda_bAwear_groot-2048x467.png 2048w\" sizes=\"auto, (max-width: 655px) 100vw, 655px\" \/><\/h3>\n<h3 style=\"text-align: center;\"><strong>Vous avez besoin d&#8217;un aper\u00e7u de l&#8217;empreinte \u00e9cologique des produits fabriqu\u00e9s avec des textiles ?<\/strong><\/h3>\n<p style=\"text-align: center;\">L&#8217;outil &#8220;bAwear Score&#8221; est con\u00e7u pour rendre le calcul de l&#8217;empreinte environnementale des produits textiles plus facile, plus fiable, plus transparent, plus rapide et surtout plus abordable. Elle permet aux entreprises de mieux comprendre et de faire des d\u00e9clarations cr\u00e9dibles sur l&#8217;empreinte des produits ou des processus utilis\u00e9s.\u00a0 Il permet \u00e9galement aux destinataires de ces informations, tels que les acheteurs\/procureurs\/consommateurs, de mieux comprendre et v\u00e9rifier les informations.<\/p>\n<p style=\"text-align: center;\">L&#8217;outil offre 3 solutions diff\u00e9rentes pour calculer l&#8217;ACV, o\u00f9 la profondeur et la pr\u00e9cision des donn\u00e9es d&#8217;entr\u00e9e sont le principal facteur de diff\u00e9renciation.<\/p>\n<div class='content-column one_half'><h2 style=\"text-transform: none;\">YourQuestion<\/h2>\n<p>Vous voulez avoir un aper\u00e7u rapide de l&#8217;impact d&#8217;un produit et le comparer \u00e0 un autre produit ? Par exemple, parce que vous avez choisi un mat\u00e9riau plus durable ou une finition diff\u00e9rente, une nouvelle technique de teinture&#8230; ? Utilisez ensuite YourQuestion pour effectuer cette comparaison.<\/p>\n<p>Cela peut permettre de faire de meilleurs choix d\u00e8s le d\u00e9but du processus de d\u00e9veloppement. Dans YourQuestion, les options concernant les facteurs les plus influents sur l&#8217;impact environnemental sont saisies dans l&#8217;outil, ce qui permet d&#8217;effectuer une comparaison entre deux produits.<\/p>\n<p><a href=\"https:\/\/bawear-score.com\/yourquestion\/\"><button class=\"button button2\" style=\"background: #005b96; text-transform: none;\">Calculez YourQuestion<\/button><\/a><\/p><\/div>\n<div class='content-column one_half last_column'><p><img loading=\"lazy\" decoding=\"async\" class=\"wp-image-13012 aligncenter\" src=\"https:\/\/www.creamoda.be\/wp-content\/uploads\/2021\/12\/impact-calculated-laptop-300x213.png\" alt=\"\" width=\"500\" height=\"355\" srcset=\"https:\/\/www.creamoda.be\/wp-content\/uploads\/2021\/12\/impact-calculated-laptop-300x213.png 300w, https:\/\/www.creamoda.be\/wp-content\/uploads\/2021\/12\/impact-calculated-laptop-1024x726.png 1024w, https:\/\/www.creamoda.be\/wp-content\/uploads\/2021\/12\/impact-calculated-laptop-768x545.png 768w, https:\/\/www.creamoda.be\/wp-content\/uploads\/2021\/12\/impact-calculated-laptop-1536x1089.png 1536w, https:\/\/www.creamoda.be\/wp-content\/uploads\/2021\/12\/impact-calculated-laptop-2048x1452.png 2048w\" sizes=\"auto, (max-width: 500px) 100vw, 500px\" \/><\/p><\/div><div class='clear_column'><\/div>\n<div class='content-column one_half'><p><img loading=\"lazy\" decoding=\"async\" class=\"wp-image-13000 aligncenter\" src=\"https:\/\/www.creamoda.be\/wp-content\/uploads\/2021\/12\/your-scenario-report-laptop-300x213.png\" alt=\"\" width=\"500\" height=\"355\" srcset=\"https:\/\/www.creamoda.be\/wp-content\/uploads\/2021\/12\/your-scenario-report-laptop-300x213.png 300w, https:\/\/www.creamoda.be\/wp-content\/uploads\/2021\/12\/your-scenario-report-laptop-1024x726.png 1024w, https:\/\/www.creamoda.be\/wp-content\/uploads\/2021\/12\/your-scenario-report-laptop-768x545.png 768w, https:\/\/www.creamoda.be\/wp-content\/uploads\/2021\/12\/your-scenario-report-laptop-1536x1089.png 1536w, https:\/\/www.creamoda.be\/wp-content\/uploads\/2021\/12\/your-scenario-report-laptop-2048x1452.png 2048w\" sizes=\"auto, (max-width: 500px) 100vw, 500px\" \/><br \/><\/div>\n<div class='content-column one_half last_column'><h2 style=\"text-transform: none;\">YourScenario<\/h2>\n<p>Si vous avez besoin d&#8217;un calcul plus d\u00e9taill\u00e9 de votre propre cha\u00eene d&#8217;approvisionnement et d&#8217;un aper\u00e7u plus pr\u00e9cis, YourScenario est une option appropri\u00e9e.<br \/>\nLes donn\u00e9es sources de la cha\u00eene d&#8217;approvisionnement peuvent \u00eatre fournies de diff\u00e9rentes mani\u00e8res. Le mod\u00e8le de calcul se charge de relier les mat\u00e9riaux, les processus et la production.<\/p>\n<p>YourScenario propose un rapport complet d&#8217;ACV de votre produit en 5 \u00e9tapes:<br \/>\n1) R\u00e9union de lancement avec nos experts<br \/>\n2) Collecte de donn\u00e9es par votre entreprise<br \/>\n3) \u00c9valuation des donn\u00e9es par nos experts<br \/>\n4) Traitement et calcul des donn\u00e9es<br \/>\n5) Rapport ACV standard ou personnalis\u00e9<\/p>\n<p><a href=\"https:\/\/bawear-score.com\/yourscenario\/\"><button class=\"button button2\" style=\"background: #005b96; text-transform: none;\">Calculez YourScenario<\/button><\/a><\/p><\/div><div class='clear_column'><\/div>\n<div class='content-column one_half'><\/div>\n<p>&nbsp;<\/p>\n<h2 style=\"text-align: center;\">Questions et r\u00e9ponses sur le Creamoda bAwear Score<\/h2>\n<h3>Comment cr\u00e9er un compte?<\/h3>\n<p>Vous pouvez cr\u00e9er un compte <strong><a style=\"color: #4c8cb5; text-decoration: underline;\" href=\"https:\/\/bawear-score.net\/register\" target=\"_blank\" rel=\"noopener\">via ce lien.<\/a><\/strong><\/p>\n<h3>Quels sont les co\u00fbts?<\/h3>\n<p style=\"padding-left: 40px;\">YourQuestion: \u20ac50,-<br \/>\nYourScenario: \u20ac300,-<br \/>\nYourHotspot: \u20ac150,-<\/p>\n<p>Le calcul de<strong> YourQuestion<\/strong>\u00a0est pay\u00e9 par des cr\u00e9dits, ceux-ci sont d\u00e9duits des cr\u00e9dits de votre compte.<\/p>\n<p>Un calcul de YourQuestion co\u00fbte 1 cr\u00e9dit.<\/p>\n<p>Le prix par cr\u00e9dit est plus bas lorsque vous achetez un lot de cr\u00e9dits:<\/p>\n<table>\n<tbody>\n<tr>\n<th style=\"padding-left: 40px;\">Nombre de cr\u00e9dits<\/th>\n<th style=\"padding-left: 40px;\">Prix par cr\u00e9dit (\u20ac)<\/th>\n<\/tr>\n<tr style=\"padding-left: 40px;\">\n<td style=\"padding-left: 40px;\">1<\/td>\n<td style=\"padding-left: 40px;\">50,00<\/td>\n<\/tr>\n<tr style=\"padding-left: 40px;\">\n<td style=\"padding-left: 40px;\">10<\/td>\n<td style=\"padding-left: 40px;\">45,00<\/td>\n<\/tr>\n<tr style=\"padding-left: 40px;\">\n<td style=\"padding-left: 40px;\">50<\/td>\n<td style=\"padding-left: 40px;\">37,50<\/td>\n<\/tr>\n<tr style=\"padding-left: 40px;\">\n<td style=\"padding-left: 40px;\">100<\/td>\n<td style=\"padding-left: 40px;\">32,50<\/td>\n<\/tr>\n<tr style=\"padding-left: 40px;\">\n<td style=\"padding-left: 40px;\">250<\/td>\n<td style=\"padding-left: 40px;\">25,00<\/td>\n<\/tr>\n<\/tbody>\n<\/table>\n<p>Le calcul de <strong>YourScenario<\/strong> est factur\u00e9 par la suite.<\/p>\n<p>Le calcul de<strong> YourHotspot<\/strong> est factur\u00e9 par la suite.<\/p>\n<h3>Comment recharger mes cr\u00e9dits?<\/h3>\n<p>Consultez<strong> <a style=\"color: #4c8cb5; text-decoration: underline;\" href=\"https:\/\/www.creamoda.be\/wp-content\/uploads\/2021\/12\/How-to-add-credits.pdf\" target=\"_blank\" rel=\"noopener\">ce manuel<\/a><\/strong> ou regardez <strong><a style=\"color: #4c8cb5; text-decoration: underline;\" href=\"https:\/\/www.loom.com\/share\/910b56c064ee41b28f0a758aea48d8c0\" target=\"_blank\" rel=\"noopener\">cette vid\u00e9o<\/a><\/strong> pour savoir comment proc\u00e9der.<\/p>\n<h3>Est-ce que je b\u00e9n\u00e9ficie d&#8217;une r\u00e9duction en tant que membre de Creamoda?<\/h3>\n<p>Oui. En exclusivit\u00e9 pour les membres de Creamoda : une r\u00e9duction permanente de 7,5% sur tous les calculs.<br \/>\nCeci est automatiquement appliqu\u00e9 si vous indiquez dans le champ partenaires lors de l&#8217;enregistrement de votre compte, que vous \u00eates un membre de Creamoda.<\/p>\n<h3>Qu&#8217;est-ce qu&#8217;une ACV?<\/h3>\n<p>L&#8217;analyse du cycle de vie (ACV) est une m\u00e9thode permettant de cartographier l&#8217;impact des produits et des activit\u00e9s humaines sur l&#8217;environnement. &#8230;<br \/>\nL&#8217;ACV prend en compte l&#8217;ensemble du cycle de vie d&#8217;un produit ou d&#8217;une activit\u00e9. De l&#8217;extraction des mati\u00e8res premi\u00e8res \u00e0 l&#8217;\u00e9limination des d\u00e9chets, en passant par la production et la (r\u00e9)utilisation.<br \/>\nDes mod\u00e8les de calcul sp\u00e9ciaux sont utilis\u00e9s.<\/p>\n<h3>Souhaitez-vous une d\u00e9monstration sur la fa\u00e7on dont bAwear Score peut vous aider \u00e0 calculer, valider et communiquer l&#8217;impact de votre produit ?<\/h3>\n<p>R\u00e9servez votre d\u00e9monstration via <strong><a style=\"color: #4c8cb5; text-decoration: underline;\" href=\"https:\/\/calendly.com\/bawear-score\/30min-intro?month=2022-11\" target=\"_blank\" rel=\"noopener\">ce lien<\/a><\/strong>.<\/p>\n<h3>Puis-je \u00e9galement obtenir de l&#8217;aide pour remplir l&#8217;outil?<\/h3>\n<p>C&#8217;est possible. <strong><a style=\"color: #4c8cb5; text-decoration: underline;\" href=\"mailto:bawear@creamoda.be\">Veuillez nous contacter<\/a>.<\/strong><\/p>\n<h3>Avez-vous d&#8217;autres questions?<\/h3>\n<p><strong><a style=\"color: #4c8cb5; text-decoration: underline;\" href=\"mailto:bawear@creamoda.be\">Veuillez nous contacter<\/a>.<\/strong><\/p>\n","protected":false},"excerpt":{"rendered":"<p>Vous avez besoin d&#8217;un aper\u00e7u de l&#8217;empreinte \u00e9cologique des produits fabriqu\u00e9s avec des textiles ? L&#8217;outil &#8220;bAwear Score&#8221; est con\u00e7u pour rendre le calcul de l&#8217;empreinte environnementale des produits textiles plus facile, plus fiable, plus transparent, plus rapide et surtout plus abordable. Elle permet aux entreprises de mieux comprendre et de faire des d\u00e9clarations cr\u00e9dibles [&hellip;]<\/p>\n","protected":false},"author":1,"featured_media":0,"parent":0,"menu_order":0,"comment_status":"closed","ping_status":"closed","template":"page-drawy.php","meta":{"_acf_changed":false,"inline_featured_image":false,"footnotes":""},"class_list":["post-12966","page","type-page","status-publish","hentry"],"acf":[],"_links":{"self":[{"href":"https:\/\/www.creamoda.be\/fr\/wp-json\/wp\/v2\/pages\/12966","targetHints":{"allow":["GET"]}}],"collection":[{"href":"https:\/\/www.creamoda.be\/fr\/wp-json\/wp\/v2\/pages"}],"about":[{"href":"https:\/\/www.creamoda.be\/fr\/wp-json\/wp\/v2\/types\/page"}],"author":[{"embeddable":true,"href":"https:\/\/www.creamoda.be\/fr\/wp-json\/wp\/v2\/users\/1"}],"replies":[{"embeddable":true,"href":"https:\/\/www.creamoda.be\/fr\/wp-json\/wp\/v2\/comments?post=12966"}],"version-history":[{"count":11,"href":"https:\/\/www.creamoda.be\/fr\/wp-json\/wp\/v2\/pages\/12966\/revisions"}],"predecessor-version":[{"id":22784,"href":"https:\/\/www.creamoda.be\/fr\/wp-json\/wp\/v2\/pages\/12966\/revisions\/22784"}],"wp:attachment":[{"href":"https:\/\/www.creamoda.be\/fr\/wp-json\/wp\/v2\/media?parent=12966"}],"curies":[{"name":"wp","href":"https:\/\/api.w.org\/{rel}","templated":true}]}}