{"id":11228,"date":"2020-11-01T17:31:15","date_gmt":"2020-11-01T15:31:15","guid":{"rendered":"https:\/\/www.creamoda.be\/sitemap\/"},"modified":"2021-11-30T20:51:28","modified_gmt":"2021-11-30T18:51:28","slug":"sitemap","status":"publish","type":"page","link":"https:\/\/www.creamoda.be\/fr\/sitemap","title":{"rendered":"Sitemap"},"content":{"rendered":"<div class=\"wsp-container\"><h2 class=\"wsp-pages-title\">Pages<\/h2>\n<ul class=\"wsp-pages-list\">\n<li class=\"page_item page-item-10327 current_page_parent\"><a href=\"https:\/\/www.creamoda.be\/fr\/actua\">Actua<\/a><\/li>\n<li class=\"page_item page-item-10727\"><a href=\"https:\/\/www.creamoda.be\/fr\/adaptez-votre-login\">Adaptez votre login<\/a><\/li>\n<li class=\"page_item page-item-10325\"><a href=\"https:\/\/www.creamoda.be\/fr\/agenda\">Agenda<\/a><\/li>\n<li class=\"page_item page-item-12966\"><a href=\"https:\/\/www.creamoda.be\/fr\/bawear-score\">bAwear Score<\/a><\/li>\n<li class=\"page_item page-item-10710\"><a href=\"https:\/\/www.creamoda.be\/fr\/bibliotheque\">Biblioth\u00e8que<\/a><\/li>\n<li class=\"page_item page-item-10328\"><a href=\"https:\/\/www.creamoda.be\/fr\/contact\">Contact<\/a><\/li>\n<li class=\"page_item page-item-10702\"><a href=\"https:\/\/www.creamoda.be\/fr\/cookie-policy\">Cookie Policy<\/a><\/li>\n<li class=\"page_item page-item-10333\"><a href=\"https:\/\/www.creamoda.be\/fr\/creamoda\">Creamoda<\/a><\/li>\n<li class=\"page_item page-item-10719\"><a href=\"https:\/\/www.creamoda.be\/fr\/creamoda-logistics\">Creamoda Logistics<\/a><\/li>\n<li class=\"page_item page-item-10545\"><a href=\"https:\/\/www.creamoda.be\/fr\/creamoda-tender-service\">Tender Service<\/a><\/li>\n<li class=\"page_item page-item-10644\"><a href=\"https:\/\/www.creamoda.be\/fr\/dashboard\">Members Only<\/a><\/li>\n<li class=\"page_item page-item-84596\"><a href=\"https:\/\/www.creamoda.be\/fr\/de-duurzaamheidsregels\">Les r\u00e8gles de durabilit\u00e9<\/a><\/li>\n<li class=\"page_item page-item-11182\"><a href=\"https:\/\/www.creamoda.be\/fr\/devenir-membre\">Devenir Membre<\/a><\/li>\n<li class=\"page_item page-item-10330\"><a href=\"https:\/\/www.creamoda.be\/fr\/emplois\">Emplois<\/a><\/li>\n<li class=\"page_item page-item-10726\"><a href=\"https:\/\/www.creamoda.be\/fr\/fashion-flash\">Fashion Flash<\/a><\/li>\n<li class=\"page_item page-item-12953\"><a href=\"https:\/\/www.creamoda.be\/fr\/fiche-dentreprise-produits\">Fiche d\u2019entreprise\/produits<\/a><\/li>\n<li class=\"page_item page-item-23534\"><a href=\"https:\/\/www.creamoda.be\/fr\/fiche-dentreprise-produits-membre\">Fiche d&#8217;entreprise\/produits Membre<\/a><\/li>\n<li class=\"page_item page-item-10300\"><a href=\"https:\/\/www.creamoda.be\/fr\">Accueil<\/a><\/li>\n<li class=\"page_item page-item-10739\"><a href=\"https:\/\/www.creamoda.be\/fr\/ledenvoordelen\">Avantages pour les membres<\/a><\/li>\n<li class=\"page_item page-item-10647\"><a href=\"https:\/\/www.creamoda.be\/fr\/login\">Login<\/a><\/li>\n<li class=\"page_item page-item-11071\"><a href=\"https:\/\/www.creamoda.be\/fr\/logout\">Logout<\/a><\/li>\n<li class=\"page_item page-item-11208\"><a href=\"https:\/\/www.creamoda.be\/fr\/marches-publics\">March\u00e9s Publics<\/a><\/li>\n<li class=\"page_item page-item-10972\"><a href=\"https:\/\/www.creamoda.be\/fr\/membres\">Membres<\/a><\/li>\n<li class=\"page_item page-item-75317\"><a href=\"https:\/\/www.creamoda.be\/fr\/mot-de-passe-oublie\">Mot de passe oubli\u00e9<\/a><\/li>\n<li class=\"page_item page-item-10514\"><a href=\"https:\/\/www.creamoda.be\/fr\/partenaires\">Partenaires<\/a><\/li>\n<li class=\"page_item page-item-11200\"><a href=\"https:\/\/www.creamoda.be\/fr\/placez-une-annonce\">Placez une annonce<\/a><\/li>\n<li class=\"page_item page-item-83804\"><a href=\"https:\/\/www.creamoda.be\/fr\/plan-action-ue-economie-circulaire\">Plan d&#8217;action de l&#8217;UE sur l&#8217;\u00e9conomie circulaire (CEAP)<\/a><\/li>\n<li class=\"page_item page-item-11192\"><a href=\"https:\/\/www.creamoda.be\/fr\/privacy-policy\">Notice L\u00e9gale<\/a><\/li>\n<li class=\"page_item page-item-40763\"><a href=\"https:\/\/www.creamoda.be\/fr\/regles-eu-sur-la-durabilite\">REGLES EU SUR LA DURABILITE<\/a><\/li>\n<li class=\"page_item page-item-10307\"><a href=\"https:\/\/www.creamoda.be\/fr\/services\">Services<\/a><\/li>\n<li class=\"page_item page-item-11228\"><a href=\"https:\/\/www.creamoda.be\/fr\/sitemap\">Sitemap<\/a><\/li>\n<li class=\"page_item page-item-83808\"><a href=\"https:\/\/www.creamoda.be\/fr\/strategie-ue-textiles-durables-circulaires\">Strat\u00e9gie de l&#8217;UE pour des textiles durables et circulaires<\/a><\/li>\n<li class=\"page_item page-item-11195\"><a href=\"https:\/\/www.creamoda.be\/fr\/tender-services\">Aper\u00e7u tenders<\/a><\/li>\n<li class=\"page_item page-item-11217\"><a href=\"https:\/\/www.creamoda.be\/fr\/voor-u-gelezen\">Voor U Gelezen<\/a><\/li>\n<\/ul>\n<h2 class=\"wsp-posts-title\">Articles par cat\u00e9gorie<\/h2>\n<ul class=\"wsp-posts-list\">\n\t<li><strong class=\"wsp-category-title\">Cat\u00e9gorie\u00a0: <a href=\"https:\/\/www.creamoda.be\/fr\/category\/toutes-les-nouvelles\">Toutes les Nouvelles<\/a><\/strong>\n<ul class=\"wsp-posts-list\">\t\t<li class=\"wsp-post\"><a href=\"https:\/\/www.creamoda.be\/fr\/4e-edition-jachetebelge-instagram-story-week\">4E EDITION #JACHETEBELGE INSTAGRAM STORY WEEK<\/a><\/li>\n\t\t<li class=\"wsp-post\"><a href=\"https:\/\/www.creamoda.be\/fr\/610-semaine-de-la-mode-belge-une-mode-a-cherir\">Semaine de la Mode belge : une mode \u00e0 ch\u00e9rir !<\/a><\/li>\n\t\t<li class=\"wsp-post\"><a href=\"https:\/\/www.creamoda.be\/fr\/all-i-want-for-christmas-is-belgian-fashion\">All I want for Christmas is \u2026 Belgian fashion !<\/a><\/li>\n\t\t<li class=\"wsp-post\"><a href=\"https:\/\/www.creamoda.be\/fr\/annoncer-reduction-permis-ou-pas\">Annoncer une r\u00e9duction : ce qui est permis et ce qui ne l\u2019est pas<\/a><\/li>\n\t\t<li class=\"wsp-post\"><a href=\"https:\/\/www.creamoda.be\/fr\/articles-invendus-ou-retournes-esprpr-je-vertelt\">Des articles invendus ou retourn\u00e9s ? Ce que pr\u00e9voit l\u2019ESPR !<\/a><\/li>\n\t\t<li class=\"wsp-post\"><a href=\"https:\/\/www.creamoda.be\/fr\/bruxelles-se-met-a-la-mode-2025\">Bruxelles se met \u00e0 la mode ! Semaine de la mode belge &#8211; du 13 au 18 octobre 2025<\/a><\/li>\n\t\t<li class=\"wsp-post\"><a href=\"https:\/\/www.creamoda.be\/fr\/cest-un-succes-semainedelamodebelge-2025\">C&#8217;EST UN SUCCES !  #semainedelamodebelge 2025<\/a><\/li>\n\t\t<li class=\"wsp-post\"><a href=\"https:\/\/www.creamoda.be\/fr\/check-je-kosten-maaltijdcheques5-2\">Avantage r\u00e9serv\u00e9 aux membres de Creamoda pour les ch\u00e8ques-repas Monizze<\/a><\/li>\n\t\t<li class=\"wsp-post\"><a href=\"https:\/\/www.creamoda.be\/fr\/chronique-erik-magnus\">La chronique d&#8217;Erik Magnus<\/a><\/li>\n\t\t<li class=\"wsp-post\"><a href=\"https:\/\/www.creamoda.be\/fr\/chronique-erik-magnus-le-poisson-davril-sest-noye\">Chronique Erik Magnus &#8211; Le poisson d&#8217;avril s&#8217;est noy\u00e9<\/a><\/li>\n\t\t<li class=\"wsp-post\"><a href=\"https:\/\/www.creamoda.be\/fr\/chronique-erik-magnus-my-pension\">Chronique Erik Magnus &#8211; My pension : un peu de patience svp<\/a><\/li>\n\t\t<li class=\"wsp-post\"><a href=\"https:\/\/www.creamoda.be\/fr\/consumentenrechten-die-ontstaan-uit-online-verkoop\">Droits des consommateurs dans le cadre de la vente en ligne<\/a><\/li>\n\t\t<li class=\"wsp-post\"><a href=\"https:\/\/www.creamoda.be\/fr\/corporate-sustainability-due-diligence-directive-csddd-or-cs3d-entree-en-vigueur-le-26-7-24\">CORPORATE SUSTAINABILITY DUE DILIGENCE DIRECTIVE (CSDDD or CS3D) ENTREE EN VIGUEUR LE 26\/7\/24<\/a><\/li>\n\t\t<li class=\"wsp-post\"><a href=\"https:\/\/www.creamoda.be\/fr\/crb-inzichten-hoe-is-het-gesteld-met-onze_concurrentiekracht140239\">Perspectives du CCE : o\u00f9 en est notre comp\u00e9titivit\u00e9 ?<\/a><\/li>\n\t\t<li class=\"wsp-post\"><a href=\"https:\/\/www.creamoda.be\/fr\/creamoda-partage-son-expertise-emission-coute-que-couteamma-coute-que-coute-op-rtl-tvi\">Creamoda partage son expertise dans l&#8217;\u00e9mission consommateurs \u00abCo\u00fbte que Co\u00fbte\u00bb sur RTL TVI<\/a><\/li>\n\t\t<li class=\"wsp-post\"><a href=\"https:\/\/www.creamoda.be\/fr\/creamoda-signe-la-declaration-europeenne-contre-la-mode-rapidele-mode\">Creamoda signe la d\u00e9claration europ\u00e9enne contre la mode ultra-rapide<\/a><\/li>\n\t\t<li class=\"wsp-post\"><a href=\"https:\/\/www.creamoda.be\/fr\/defense-des-interets-comment-procedons-nous-chez-creamoda\">D\u00e9fense des int\u00e9r\u00eats : comment proc\u00e9dons-nous chez Creamoda ?<\/a><\/li>\n\t\t<li class=\"wsp-post\"><a href=\"https:\/\/www.creamoda.be\/fr\/defense-des-interets-en-quoi-creamoda-et-la-feb-font-elles-la-differenceamoda-2\">Creamoda &#038; FEB VBO : d\u00e9fendre vos int\u00e9r\u00eats<\/a><\/li>\n\t\t<li class=\"wsp-post\"><a href=\"https:\/\/www.creamoda.be\/fr\/digital-product-passport-dpp-2027\">Le Digital Product Passport (DPP) obligatoire v\u00eatements en 2027 ?<\/a><\/li>\n\t\t<li class=\"wsp-post\"><a href=\"https:\/\/www.creamoda.be\/fr\/duurzaamheid-en-concurrentievermogen-moeten-hand-in-hand-gaan\">Durabilit\u00e9 et comp\u00e9titivit\u00e9 doivent aller de pair<\/a><\/li>\n\t\t<li class=\"wsp-post\"><a href=\"https:\/\/www.creamoda.be\/fr\/energiekosten-hoog-op-de-eu-agenda-welke-inzichten-bieden-de-belgische-cijfers\">Co\u00fbts \u00e9nerg\u00e9tiques au niveau de l&#8217;UE et quelques chiffres belges<\/a><\/li>\n\t\t<li class=\"wsp-post\"><a href=\"https:\/\/www.creamoda.be\/fr\/european-textiles-global-value-chain-rapport\">European textiles\u2019 global value chain: rapport<\/a><\/li>\n\t\t<li class=\"wsp-post\"><a href=\"https:\/\/www.creamoda.be\/fr\/evenement-du-nouvel-an-de-creamoda-2024-en-images\">EVENEMENT DU NOUVEL AN DE CREAMODA 2024 EN IMAGES<\/a><\/li>\n\t\t<li class=\"wsp-post\"><a href=\"https:\/\/www.creamoda.be\/fr\/evenement-nouvel-an-2026-salle-comble\">#l&#8217;\u00e9v\u00e9nement de Nouvel An 2026 fait salle comble<\/a><\/li>\n\t\t<li class=\"wsp-post\"><a href=\"https:\/\/www.creamoda.be\/fr\/exclusieve-praline-julius-persoone-week-belgische-mode\">Exclusieve praline van Julius Persoone voor Week van de Belgische mode is groot succes<\/a><\/li>\n\t\t<li class=\"wsp-post\"><a href=\"https:\/\/www.creamoda.be\/fr\/exigences-declaration-rep-1er-juillet-2024\">Exigences de d\u00e9claration de la REP en vigueur depuis le 1er juillet 2024 en Lettonie<\/a><\/li>\n\t\t<li class=\"wsp-post\"><a href=\"https:\/\/www.creamoda.be\/fr\/gpsr-textile-plus-de-clarte-mais-aussi-des-questions\">GPSR textile : plus de clart\u00e9, mais aussi des questions<\/a><\/li>\n\t\t<li class=\"wsp-post\"><a href=\"https:\/\/www.creamoda.be\/fr\/greenwashing-comment-sera-t-il-encadre-a-court-terme\">Greenwashing : comment sera-t-il encadr\u00e9 \u00e0 court terme ?<\/a><\/li>\n\t\t<li class=\"wsp-post\"><a href=\"https:\/\/www.creamoda.be\/fr\/impact-augmentation-tarif-sncb-cout-salarial\">Impact augmentation tarifs de la SNCB sur le co\u00fbt salarial ?<\/a><\/li>\n\t\t<li class=\"wsp-post\"><a href=\"https:\/\/www.creamoda.be\/fr\/inflation-et-index-previsions-mars-2026\">FACTS &#038; FIGURES : pr\u00e9visions inflation et index 2026-2027<\/a><\/li>\n\t\t<li class=\"wsp-post\"><a href=\"https:\/\/www.creamoda.be\/fr\/la-ce-a-publie-son-premier-plan-de-travail-espr\">La CE a publi\u00e9 son premier plan de travail dans le cadre de l&#8217;ESPR<\/a><\/li>\n\t\t<li class=\"wsp-post\"><a href=\"https:\/\/www.creamoda.be\/fr\/la-chronique-derik-magnus-gagnant-tout-democratie\">Chronique E. Magnus:the winner takes it all ou + d\u00e9mocratie?<\/a><\/li>\n\t\t<li class=\"wsp-post\"><a href=\"https:\/\/www.creamoda.be\/fr\/la-mode-belge-de-plus-en-plus-presente-dans-les-boutiques-de-mode\">La mode belge de plus en plus pr\u00e9sente dans les boutiques de mode<\/a><\/li>\n\t\t<li class=\"wsp-post\"><a href=\"https:\/\/www.creamoda.be\/fr\/la-mode-belge-plutot-que-la-fast-fashion-etrangere\">La mode belge plut\u00f4t que la fast fashion \u00e9trang\u00e8re !<\/a><\/li>\n\t\t<li class=\"wsp-post\"><a href=\"https:\/\/www.creamoda.be\/fr\/la-reparation-dun-vetement-est-elle-une-forme-de-recyclage\">R\u00e9parer un v\u00eatement est-il consid\u00e9r\u00e9 comme du recyclage ?<\/a><\/li>\n\t\t<li class=\"wsp-post\"><a href=\"https:\/\/www.creamoda.be\/fr\/lecoblanchiment-greenwashing-quest-ce-que-cest-comment-est-il-reglemente-comment-sy-prendre\">L&#8217;\u00e9coblanchiment (greenwashing): qu&#8217;est-ce que c&#8217;est ? Comment est-il r\u00e9glement\u00e9 ? Comment s&#8217;y prendre ?<\/a><\/li>\n\t\t<li class=\"wsp-post\"><a href=\"https:\/\/www.creamoda.be\/fr\/les-consommateurs-sinteressent-de-plus-en-plus-a-la-mode-belge\">Les consommateurs s&#8217;int\u00e9ressent de plus en plus \u00e0 la mode belge !<\/a><\/li>\n\t\t<li class=\"wsp-post\"><a href=\"https:\/\/www.creamoda.be\/fr\/merci-pour-la-reussite-de-levenement-du-nouvel-an\">Merci pour la r\u00e9ussite de l&#8217;\u00e9v\u00e9nement du Nouvel An<\/a><\/li>\n\t\t<li class=\"wsp-post\"><a href=\"https:\/\/www.creamoda.be\/fr\/mise-a-jour-contrat-cadre-production-necessaire\">Mise \u00e0 jour contrat-cadre production n\u00e9cessaire ?<\/a><\/li>\n\t\t<li class=\"wsp-post\"><a href=\"https:\/\/www.creamoda.be\/fr\/new-environmental-labeling-decree-in-france\">New Environmental Labeling Decree in France<\/a><\/li>\n\t\t<li class=\"wsp-post\"><a href=\"https:\/\/www.creamoda.be\/fr\/nouvelle-reglementation-heures-supplementaires-volontaires\">Nouvelle r\u00e9glementation heures suppl\u00e9mentaires volontaires ?<\/a><\/li>\n\t\t<li class=\"wsp-post\"><a href=\"https:\/\/www.creamoda.be\/fr\/nouvelle-version-de-lapplication-my-care-label\">Nouvelle version de l&#8217;application MY CARE LABEL<\/a><\/li>\n\t\t<li class=\"wsp-post\"><a href=\"https:\/\/www.creamoda.be\/fr\/nouvelles-mesures-ue-petits-envois\">Nouvelles mesures de l&#8217;UE concernant les petits envois<\/a><\/li>\n\t\t<li class=\"wsp-post\"><a href=\"https:\/\/www.creamoda.be\/fr\/peut-on-etiqueter-un-vetement-de-durable-biologique\">Peut-on \u00e9tiqueter un v\u00eatement de \u00abdurable\/biologique\u00bb?<\/a><\/li>\n\t\t<li class=\"wsp-post\"><a href=\"https:\/\/www.creamoda.be\/fr\/pme-vsme\">En tant que PME, comment pr\u00e9parer mes informations en mati\u00e8re de durabilit\u00e9 pour r\u00e9pondre aux questions de mes clients ? La norme VSME.<\/a><\/li>\n\t\t<li class=\"wsp-post\"><a href=\"https:\/\/www.creamoda.be\/fr\/que-contient-le-nouveau-document-de-prise-de-position-deuratex-sur-le-dpp\">Nouveau document &#8220;prise de position Euratex DPP&#8221; ?<\/a><\/li>\n\t\t<li class=\"wsp-post\"><a href=\"https:\/\/www.creamoda.be\/fr\/que-signifie-l-accord-commercial-ue-inde\">Que signifie l\u2019accord commercial UE\u2013Inde ?<\/a><\/li>\n\t\t<li class=\"wsp-post\"><a href=\"https:\/\/www.creamoda.be\/fr\/reglement-ecoconception-produits-durables\">ECODESIGN FOR SUSTAINABLE PRODUCTS REGULATION (ESPR) entr\u00e9 en vigueur le 18 juillet 2024<\/a><\/li>\n\t\t<li class=\"wsp-post\"><a href=\"https:\/\/www.creamoda.be\/fr\/representation-inter-creamoda-euratex\">Repr\u00e9sentation des int\u00e9r\u00eats en Europe : Creamoda &#038; Euratex<\/a><\/li>\n\t\t<li class=\"wsp-post\"><a href=\"https:\/\/www.creamoda.be\/fr\/retexbel-pret-s-attaquer-a-la-gestion-des-dechets\">Retexbel, pr\u00eat \u00e0 s&#8217;attaquer \u00e0 la gestion des d\u00e9chets textiles en Belgique<\/a><\/li>\n\t\t<li class=\"wsp-post\"><a href=\"https:\/\/www.creamoda.be\/fr\/samenvatting-van-wat-is-de-volgende-stap-voor-de-eu-agenda-voor-duurzame-textiel-belangrijke-mijlpalen-en-wat-ze-betekenen\">L&#8217;agenda de l&#8217;UE textile circulaire : un aper\u00e7u<\/a><\/li>\n\t\t<li class=\"wsp-post\"><a href=\"https:\/\/www.creamoda.be\/fr\/save-the-date-6e-edition-semaine-de-la-mode-belge-12-19-octobre-2024\">RAPPEL: 6e \u00e9dition &#8216;Semaine de la mode belge&#8217; &gt;&gt; 12 &#8211; 19 octobre 2024 <\/div>\n","protected":false},"excerpt":{"rendered":"","protected":false},"author":1,"featured_media":0,"parent":0,"menu_order":0,"comment_status":"closed","ping_status":"closed","template":"","meta":{"_acf_changed":false,"inline_featured_image":false,"footnotes":""},"class_list":["post-11228","page","type-page","status-publish","hentry"],"acf":[],"_links":{"self":[{"href":"https:\/\/www.creamoda.be\/fr\/wp-json\/wp\/v2\/pages\/11228","targetHints":{"allow":["GET"]}}],"collection":[{"href":"https:\/\/www.creamoda.be\/fr\/wp-json\/wp\/v2\/pages"}],"about":[{"href":"https:\/\/www.creamoda.be\/fr\/wp-json\/wp\/v2\/types\/page"}],"author":[{"embeddable":true,"href":"https:\/\/www.creamoda.be\/fr\/wp-json\/wp\/v2\/users\/1"}],"replies":[{"embeddable":true,"href":"https:\/\/www.creamoda.be\/fr\/wp-json\/wp\/v2\/comments?post=11228"}],"version-history":[{"count":1,"href":"https:\/\/www.creamoda.be\/fr\/wp-json\/wp\/v2\/pages\/11228\/revisions"}],"predecessor-version":[{"id":11233,"href":"https:\/\/www.creamoda.be\/fr\/wp-json\/wp\/v2\/pages\/11228\/revisions\/11233"}],"wp:attachment":[{"href":"https:\/\/www.creamoda.be\/fr\/wp-json\/wp\/v2\/media?parent=11228"}],"curies":[{"name":"wp","href":"https:\/\/api.w.org\/{rel}","templated":true}]}}