{"id":11192,"date":"2018-08-28T10:22:20","date_gmt":"2018-08-28T08:22:20","guid":{"rendered":"https:\/\/www.creamoda.be\/privacy-policy\/"},"modified":"2023-06-23T10:16:46","modified_gmt":"2023-06-23T08:16:46","slug":"privacy-policy","status":"publish","type":"page","link":"https:\/\/www.creamoda.be\/fr\/privacy-policy","title":{"rendered":"Notice L\u00e9gale"},"content":{"rendered":"<p><strong>Ce site Internet est la propri\u00e9t\u00e9 de :<\/strong><\/p>\n<p><strong>Creamoda<\/strong><\/p>\n<p>Adresse : Leliegaarde 22 \u00e0 B-1731 ZELLIK<br \/>\nDonn\u00e9es de contact : t\u00e9l. 02\/238.10.11,\u00a0<a href=\"mailto:info@creamoda.be\" target=\"_blank\" rel=\"noopener\">info@creamoda.be<\/a><br \/>\nNum\u00e9ro d\u2019entreprise : 0407.694.265<\/p>\n<p>En visitant et en utilisant ce site Internet, vous acceptez explicitement les conditions g\u00e9n\u00e9rales suivantes.<\/p>\n<p><strong>Limitation de responsabilit\u00e9 site Internet<\/strong><\/p>\n<p>Les informations pr\u00e9sent\u00e9es sur ce site sont de nature g\u00e9n\u00e9rale. Ces informations ne sont pas adapt\u00e9es \u00e0 des circonstances personnelles ou sp\u00e9cifiques, et ne peuvent, par cons\u00e9quent, pas \u00eatre consid\u00e9r\u00e9es comme des conseils personnels, professionnels ou juridiques.<\/p>\n<p>Creamoda met tout en oeuvre pour que les informations demeurent toujours compl\u00e8tes, correctes, pr\u00e9cises et actualis\u00e9es. Malgr\u00e9 ces efforts, des inexactitudes peuvent appara\u00eetre. Si les informations fournies contiennent des erreurs, Creamoda s\u2019efforcera d\u2019y rem\u00e9dier. Si vous trouvez des erreurs, veuillez prendre contact avec Creamoda.<\/p>\n<p>Toutefois, Creamoda ne peut \u00eatre tenue pour responsable de dommages directs ou indirects r\u00e9sultant de l\u2019utilisation des informations pr\u00e9sent\u00e9es sur ce site Internet.<\/p>\n<p>Le contenu de ce site (liens inclus) peut \u00eatre adapt\u00e9, modifi\u00e9 ou compl\u00e9t\u00e9 \u00e0 tout moment sans notification pr\u00e9alable. Creamoda ne garantit pas le bon fonctionnement du site Internet et ne peut en aucune mani\u00e8re \u00eatre tenue responsable du mauvais fonctionnement ou d\u2019une (in)disponibilit\u00e9 temporaire du site Internet ou de toute forme de dommage direct ou indirect qui r\u00e9sulterait de l\u2019acc\u00e8s ou de l\u2019utilisation du site Internet.<\/p>\n<p>Creamoda ne pourra en aucun cas \u00eatre tenue pour responsable de dommages caus\u00e9s par l\u2019utilisation de ce site Internet ou d\u2019autres, r\u00e9sultant en particulier de liens ou liens hypertextes, y compris et non exhaustifs toutes pertes, interruptions de travail, dommages caus\u00e9s \u00e0 des programmes ou \u00e0 d\u2019autres donn\u00e9es faisant partie du syst\u00e8me informatique, des logiciels ou autres donn\u00e9es de l\u2019utilisateur.<\/p>\n<p>Le site Internet contient des liens hypertextes et des r\u00e9f\u00e9rences \u00e0 des sites ou pages appartenant \u00e0 des tiers. Ceci n\u2019implique en aucun cas l\u2019approbation implicite de leur contenu. Creamoda d\u00e9clare explicitement qu\u2019elle n\u2019exerce aucune autorit\u00e9 sur le contenu ou les autres caract\u00e9ristiques de ces sites Internet et ne peut en aucun cas \u00eatre tenue pour responsable de leur contenu ou de leurs caract\u00e9ristiques ou de toute autre forme de dommage qui r\u00e9sulterait de leur utilisation.<\/p>\n<p><strong>Limitation de responsabilit\u00e9 courriels et r\u00e9seaux sociaux<\/strong><\/p>\n<p>Les limitations de responsabilit\u00e9s susmentionn\u00e9es sont \u00e9galement d\u2019application aux courriels et r\u00e9seaux sociaux de Creamoda.<\/p>\n<p><strong>Droits de propri\u00e9t\u00e9 intellectuelle<\/strong><\/p>\n<p>Le contenu de ce site Internet, y compris les marques, logos, dessins, donn\u00e9es, noms de produits et de soci\u00e9t\u00e9s, textes, images etc\u2026 qui figurent sur ce site ou sur les m\u00e9dias sociaux de Creamoda sont prot\u00e9g\u00e9s par les droits de propri\u00e9t\u00e9 intellectuelle et sont la propri\u00e9t\u00e9 de Creamoda ou des tiers ayants droit. Ils ne peuvent \u00eatre utilis\u00e9s sans autorisation \u00e9crite pr\u00e9alable.<\/p>\n<p><strong>Politique de confidentialit\u00e9 des donn\u00e9es<\/strong><\/p>\n<p>Vos donn\u00e9es personnelles sont trait\u00e9es par Creamoda, Leliegaarde 22 \u00e0 B-1731 ZELLIK, t\u00e9l. 02\/238.10.11,\u00a0<a href=\"mailto:info@creamoda.be\" target=\"_blank\" rel=\"noopener\">info@creamoda.be<\/a>, num\u00e9ro d\u2019entreprise : 0407.694.265.<\/p>\n<p>Cette politique de confidentialit\u00e9 s\u2019applique \u00e0 tous nos clients, actuels et anciens, prospects, fournisseurs et \u00e0 leur personnel, aux personnes qui ont montr\u00e9 de l\u2019int\u00e9r\u00eat pour nos services et aux personnes ayant des contacts avec Creamoda et son personnel dans le cadre de sa mission et de ses activit\u00e9s.<\/p>\n<p>Nous traitons les cat\u00e9gories suivantes de donn\u00e9es personnelles, selon la relation que nous avons avec vous :<\/p>\n<ul>\n<li>Informations de contact g\u00e9n\u00e9rales, telles que le nom, pr\u00e9nom, sexe, langue, date de naissance, adresse, num\u00e9ro de t\u00e9l\u00e9phone, adresse e-mail\u2026<\/li>\n<li>Informations sur vos int\u00e9r\u00eats d\u2019affaires dans le cadre de notre mission et de nos activit\u00e9s et pour d\u00e9fendre les int\u00e9r\u00eats de nos membres dans le monde des affaires et de la concertation sociale et politique<\/li>\n<li>Informations sur votre participation \u00e0 nos \u00e9v\u00e9nements ou formations<\/li>\n<li>Informations sur l\u2019utilisation de nos services<\/li>\n<li>Informations provenant des visites de notre site Internet (voir ci-dessous \u2018utilisation de notre site\u2019) ou l\u2019utilisation de nos newsletters digitales<\/li>\n<\/ul>\n<p>Nous pouvons \u00e9galement recevoir des informations vous concernant provenant des tiers. Ces tiers sont limit\u00e9s aux instances publiques (BCE, Moniteur belge, \u2026) ou aux sites publics.<\/p>\n<p>Vos donn\u00e9es personnelles sont utilis\u00e9es comme suit, selon la relation que nous avons avec vous :<\/p>\n<ul>\n<li>dans le cadre de votre affiliation (communication, r\u00e9unions, information dans le cadre de nos missions et de nos activit\u00e9s)<\/li>\n<li>pour l\u2019ex\u00e9cution de votre contrat<\/li>\n<li>pour r\u00e9pondre \u00e0 vos questions<\/li>\n<\/ul>\n<p>Vos donn\u00e9es personnelles sont \u00e9galement utilis\u00e9es pour r\u00e9pondre aux obligations l\u00e9gales qui incombent \u00e0 l\u2019entreprise (le traitement comptable, la gestion des conflits et proc\u00e9dures juridiques, \u2026). Vos donn\u00e9es personnelles sont \u00e9galement utilis\u00e9es pour des activit\u00e9s dans le cadre de notre int\u00e9r\u00eat l\u00e9gitime. Dans ce cas, nous veillons toujours \u00e0 conserver le respect de votre vie priv\u00e9e. Exemples d\u2019activit\u00e9s avec un int\u00e9r\u00eat l\u00e9gitime : information sur nos produits et services, invitations, activit\u00e9s, informations de nature \u00e9conomique, sociale ou actualit\u00e9 politique, \u2026<\/p>\n<p>Vos donn\u00e9es personnelles peuvent \u00eatre communiqu\u00e9es \u00e0 nos sous-traitants, lorsque nous faisons appel \u00e0 eux dans le cadre de prestations pour notre compte. Dans pareil cas, ces tiers ne peuvent utiliser vos donn\u00e9es que dans les limites strictes des instructions que nous leur avons donn\u00e9es. Vos donn\u00e9es personnelles sont par exemple transmises aux autorit\u00e9s comp\u00e9tentes ou aux instances d\u00e9termin\u00e9es par la loi<\/p>\n<p>Vos donn\u00e9es personnelles ne seront pas vendues.<\/p>\n<p>Vos donn\u00e9es personnelles ne seront pas transmises en dehors de l\u2019Union Europ\u00e9enne.<\/p>\n<p>Creamoda conserve vos donn\u00e9es personnelles pendant la dur\u00e9e de la relation et ensuite pendant la p\u00e9riode de prescription l\u00e9gale.<\/p>\n<p>Vos donn\u00e9es personnelles sont trait\u00e9es de mani\u00e8re confidentielle. Nous mettons tout en \u0153uvre pour prendre les mesures techniques et organisationnelles n\u00e9cessaires pour garantir la s\u00e9curit\u00e9 de vos donn\u00e9es personnelles.<\/p>\n<p>Conform\u00e9ment aux dispositions de la r\u00e9glementation sur la vie priv\u00e9e, vous disposez d\u2019un droit d\u2019acc\u00e8s et de rectification de vos donn\u00e9es personnelles. Vous avez \u00e9galement le droit \u00e0 l\u2019oubli dans les cas \u00e9num\u00e9r\u00e9s par la loi. En cas de contestation relative au traitement de vos donn\u00e9es personnelles, vous pouvez demander la limitation du traitement de vos donn\u00e9es personnelles jusqu\u2019\u00e0 ce que la contestation soit r\u00e9solue. Enfin, vous disposez du droit \u00e0 la portabilit\u00e9 de vos donn\u00e9es personnelles.<\/p>\n<p>Pour exercer vos droits, vous devez nous adresser une demande \u00e9crite \u00e0 l\u2019adresse de la soci\u00e9t\u00e9 ou \u00e0 l\u2019adresse e-mail\u00a0<a href=\"mailto:info@creamoda.be\" target=\"_blank\" rel=\"noopener\">info@creamoda.be<\/a>. Creamoda peut vous demander de prouver votre identit\u00e9.<\/p>\n<p>Vous pouvez \u00e9galement toujours vous adresser \u00e0 l&#8217;Autorit\u00e9 de protection des donn\u00e9es via <a href=\"mailto:contact@apd-gba.be\">contact@apd-gba.be<\/a>.<\/p>\n<p><strong>Utilisation de notre site<\/strong><\/p>\n<p>Creamoda peut recueillir des informations anonymes ou autoris\u00e9es \u00e0 caract\u00e8re non personnel telles que le type de navigateur ou l\u2019adresse IP, le programme d\u2019exploitation utilis\u00e9 ou le nom de domaine du site Internet via lequel notre site Internet a \u00e9t\u00e9 trouv\u00e9 ou quitt\u00e9. Cela nous permet d\u2019optimiser de mani\u00e8re continue notre site Internet pour les utilisateurs.<\/p>\n<p>Lors d\u2019une visite de notre site Internet, il est possible que des \u00ab cookies \u00bb soient plac\u00e9s sur le disque dur de votre ordinateur, dans le seul et unique but d\u2019adapter le site Internet aux besoins sp\u00e9cifiques de l\u2019utilisateur ou visiteur r\u00e9gulier. Ces petits fichiers, ou cookies, ne sont pas utilis\u00e9s en vue de contr\u00f4ler le comportement de l\u2019utilisateur ou du visiteur pendant qu\u2019il surfe. Votre navigateur Internet vous permet de bloquer l\u2019utilisation de cookies, de recevoir un message d\u2019avertissement d\u00e8s qu\u2019un cookie est install\u00e9 ou de supprimer les cookies de votre disque dur. Veuillez consulter la fonction d\u2019aide de votre navigateur Internet.<\/p>\n<p><strong>Loi applicable et tribunaux comp\u00e9tents<\/strong><\/p>\n<p>La notice l\u00e9gale ci-dessus et les activit\u00e9s de Creamoda sont r\u00e9gies par le droit belge. En cas de litige, seuls les tribunaux de Gent (Gand) sont comp\u00e9tents.<\/p>\n","protected":false},"excerpt":{"rendered":"<p>Ce site Internet est la propri\u00e9t\u00e9 de : Creamoda Adresse : Leliegaarde 22 \u00e0 B-1731 ZELLIK Donn\u00e9es de contact : t\u00e9l. 02\/238.10.11,\u00a0info@creamoda.be Num\u00e9ro d\u2019entreprise : 0407.694.265 En visitant et en utilisant ce site Internet, vous acceptez explicitement les conditions g\u00e9n\u00e9rales suivantes. Limitation de responsabilit\u00e9 site Internet Les informations pr\u00e9sent\u00e9es sur ce site sont de nature [&hellip;]<\/p>\n","protected":false},"author":1,"featured_media":0,"parent":0,"menu_order":0,"comment_status":"closed","ping_status":"closed","template":"","meta":{"_acf_changed":false,"inline_featured_image":false,"footnotes":""},"class_list":["post-11192","page","type-page","status-publish","hentry"],"acf":[],"_links":{"self":[{"href":"https:\/\/www.creamoda.be\/fr\/wp-json\/wp\/v2\/pages\/11192","targetHints":{"allow":["GET"]}}],"collection":[{"href":"https:\/\/www.creamoda.be\/fr\/wp-json\/wp\/v2\/pages"}],"about":[{"href":"https:\/\/www.creamoda.be\/fr\/wp-json\/wp\/v2\/types\/page"}],"author":[{"embeddable":true,"href":"https:\/\/www.creamoda.be\/fr\/wp-json\/wp\/v2\/users\/1"}],"replies":[{"embeddable":true,"href":"https:\/\/www.creamoda.be\/fr\/wp-json\/wp\/v2\/comments?post=11192"}],"version-history":[{"count":7,"href":"https:\/\/www.creamoda.be\/fr\/wp-json\/wp\/v2\/pages\/11192\/revisions"}],"predecessor-version":[{"id":40659,"href":"https:\/\/www.creamoda.be\/fr\/wp-json\/wp\/v2\/pages\/11192\/revisions\/40659"}],"wp:attachment":[{"href":"https:\/\/www.creamoda.be\/fr\/wp-json\/wp\/v2\/media?parent=11192"}],"curies":[{"name":"wp","href":"https:\/\/api.w.org\/{rel}","templated":true}]}}