{"id":11182,"date":"2021-11-16T23:31:45","date_gmt":"2021-11-16T21:31:45","guid":{"rendered":"https:\/\/www.creamoda.be\/word-lid\/"},"modified":"2023-10-16T13:01:39","modified_gmt":"2023-10-16T11:01:39","slug":"devenir-membre","status":"publish","type":"page","link":"https:\/\/www.creamoda.be\/fr\/devenir-membre","title":{"rendered":"Devenir Membre"},"content":{"rendered":"<h3>COMMENT PUIS-JE DEVENIR MEMBRE ?<\/h3>\n<p>Vous \u00eates une\u00a0<strong>entreprise belge\u00a0<\/strong>active dans le secteur de la mode, dont l&#8217;\u00e9quipe de design se situe \u00e9galement en Belgique ? Vous \u00eates une entreprise avec sa propre marque ou un fabricant qui produit des articles pour d&#8217;autres marques ?\u00a0Vous \u00eates un fournisseur de services utiles pour notre secteur ?\u00a0 Dans ce cas, vous \u00eates \u00e0 la bonne adresse.<\/p>\n<p>Vous \u00eates curieux de conna\u00eetre les avantages offerts \u00e0 nos membres ? D\u00e9couvrez-les<span style=\"color: #0000ff;\"><strong>\u00a0<\/strong><a style=\"color: #0000ff;\" href=\"https:\/\/www.creamoda.be\/fr\/ledenvoordelen\/\"><strong>ici<\/strong><\/a><\/span>.<\/p>\n<p>Ou voulez-vous en savoir plus sur les types d&#8217;<strong>affiliation<\/strong>\u00a0que nous offrons ?<\/p>\n<p>Envoyez-nous votre <strong>demande d&#8217;affiliation<\/strong> en cliquant sur le bouton ci-dessous.<\/p>\n","protected":false},"excerpt":{"rendered":"<p>COMMENT PUIS-JE DEVENIR MEMBRE ? Vous \u00eates une\u00a0entreprise belge\u00a0active dans le secteur de la mode, dont l&#8217;\u00e9quipe de design se situe \u00e9galement en Belgique ? Vous \u00eates une entreprise avec sa propre marque ou un fabricant qui produit des articles pour d&#8217;autres marques ?\u00a0Vous \u00eates un fournisseur de services utiles pour notre secteur ?\u00a0 Dans [&hellip;]<\/p>\n","protected":false},"author":1,"featured_media":0,"parent":0,"menu_order":0,"comment_status":"closed","ping_status":"closed","template":"page-diensten.php","meta":{"_acf_changed":false,"inline_featured_image":false,"footnotes":""},"class_list":["post-11182","page","type-page","status-publish","hentry"],"acf":[],"_links":{"self":[{"href":"https:\/\/www.creamoda.be\/fr\/wp-json\/wp\/v2\/pages\/11182","targetHints":{"allow":["GET"]}}],"collection":[{"href":"https:\/\/www.creamoda.be\/fr\/wp-json\/wp\/v2\/pages"}],"about":[{"href":"https:\/\/www.creamoda.be\/fr\/wp-json\/wp\/v2\/types\/page"}],"author":[{"embeddable":true,"href":"https:\/\/www.creamoda.be\/fr\/wp-json\/wp\/v2\/users\/1"}],"replies":[{"embeddable":true,"href":"https:\/\/www.creamoda.be\/fr\/wp-json\/wp\/v2\/comments?post=11182"}],"version-history":[{"count":9,"href":"https:\/\/www.creamoda.be\/fr\/wp-json\/wp\/v2\/pages\/11182\/revisions"}],"predecessor-version":[{"id":50532,"href":"https:\/\/www.creamoda.be\/fr\/wp-json\/wp\/v2\/pages\/11182\/revisions\/50532"}],"wp:attachment":[{"href":"https:\/\/www.creamoda.be\/fr\/wp-json\/wp\/v2\/media?parent=11182"}],"curies":[{"name":"wp","href":"https:\/\/api.w.org\/{rel}","templated":true}]}}