{"id":10739,"date":"2021-11-17T00:59:46","date_gmt":"2021-11-16T22:59:46","guid":{"rendered":"https:\/\/www.creamoda.be\/ledenvoordelen\/"},"modified":"2022-11-18T12:25:06","modified_gmt":"2022-11-18T10:25:06","slug":"ledenvoordelen","status":"publish","type":"page","link":"https:\/\/www.creamoda.be\/fr\/ledenvoordelen","title":{"rendered":"Avantages pour les membres"},"content":{"rendered":"<ul>\n<li>Chez Creamoda, vous pouvez b\u00e9n\u00e9ficier des avantages suivants en tant que membre :\n<ul>\n<li>Conseils : international, juridique, social, technologique, logistique et communication.<\/li>\n<li>Participation aux sessions d&#8217;information et autres \u00e9v\u00e9nements de r\u00e9seautage<\/li>\n<li>Visibilit\u00e9 via les canaux de communication et les m\u00e9dias sociaux<\/li>\n<li>Revue bimensuelle \u2018Fashion Flash\u2019<\/li>\n<li>Tarifs int\u00e9ressants chez nos\u00a0<a href=\"https:\/\/www.creamoda.be\/fr\/partenaires\/\">partenaires commerciaux<\/a><\/li>\n<\/ul>\n<\/li>\n<\/ul>\n","protected":false},"excerpt":{"rendered":"<p>Chez Creamoda, vous pouvez b\u00e9n\u00e9ficier des avantages suivants en tant que membre : Conseils : international, juridique, social, technologique, logistique et communication. Participation aux sessions d&#8217;information et autres \u00e9v\u00e9nements de r\u00e9seautage Visibilit\u00e9 via les canaux de communication et les m\u00e9dias sociaux Revue bimensuelle \u2018Fashion Flash\u2019 Tarifs int\u00e9ressants chez nos\u00a0partenaires commerciaux<\/p>\n","protected":false},"author":1,"featured_media":0,"parent":0,"menu_order":0,"comment_status":"closed","ping_status":"closed","template":"page-diensten.php","meta":{"_acf_changed":false,"inline_featured_image":false,"footnotes":""},"class_list":["post-10739","page","type-page","status-publish","hentry"],"acf":[],"_links":{"self":[{"href":"https:\/\/www.creamoda.be\/fr\/wp-json\/wp\/v2\/pages\/10739","targetHints":{"allow":["GET"]}}],"collection":[{"href":"https:\/\/www.creamoda.be\/fr\/wp-json\/wp\/v2\/pages"}],"about":[{"href":"https:\/\/www.creamoda.be\/fr\/wp-json\/wp\/v2\/types\/page"}],"author":[{"embeddable":true,"href":"https:\/\/www.creamoda.be\/fr\/wp-json\/wp\/v2\/users\/1"}],"replies":[{"embeddable":true,"href":"https:\/\/www.creamoda.be\/fr\/wp-json\/wp\/v2\/comments?post=10739"}],"version-history":[{"count":3,"href":"https:\/\/www.creamoda.be\/fr\/wp-json\/wp\/v2\/pages\/10739\/revisions"}],"predecessor-version":[{"id":15697,"href":"https:\/\/www.creamoda.be\/fr\/wp-json\/wp\/v2\/pages\/10739\/revisions\/15697"}],"wp:attachment":[{"href":"https:\/\/www.creamoda.be\/fr\/wp-json\/wp\/v2\/media?parent=10739"}],"curies":[{"name":"wp","href":"https:\/\/api.w.org\/{rel}","templated":true}]}}