{"id":10702,"date":"2018-09-19T13:56:11","date_gmt":"2018-09-19T11:56:11","guid":{"rendered":"https:\/\/www.creamoda.be\/cookie-policy\/"},"modified":"2022-04-25T16:21:23","modified_gmt":"2022-04-25T14:21:23","slug":"cookie-policy","status":"publish","type":"page","link":"https:\/\/www.creamoda.be\/fr\/cookie-policy","title":{"rendered":"Cookie Policy"},"content":{"rendered":"<p><em>Derni\u00e8re adaptation : le 21 F\u00e9vrier 2019.<\/em><\/p>\n<h2>1.\u00a0 \u00a0 \u00a0BIENVENUE<\/h2>\n<p>Creamoda est une asbl, \u00e9tablie Leliegaarde 22, B-1731 Zellik avec pour num\u00e9ro d&#8217;entreprise BE04 07694 265.<\/p>\n<p>Dans cette gestion des cookies, nous expliquons les informations que nous pouvons r\u00e9colter via notre site sur base des cookies et comment les utiliser pour am\u00e9liorer nos services.<\/p>\n<p>En utiliser notre site, vous marquez votre accord sur l&#8217;utilisation des cookies.<\/p>\n<h2>2.\u00a0\u00a0\u00a0\u00a0 COOKIES<\/h2>\n<p>Les \u2018<em>cookies<\/em>\u2019 sont de petits fichiers d&#8217;information que le serveur d&#8217;un site web enregistre de mani\u00e8re temporaire ou permanente sur le disque dur de votre ordinateur ou appareil mobile lorsque vous visitez un site internet.\u00a0 Un cookie nous permet d&#8217;identifier l&#8217;appareil avec lequel vous visitez notre site, sans nous octroyer l&#8217;acc\u00e8s \u00e0 vos donn\u00e9es personnelles.<\/p>\n<p>Les cookies sont simples \u00e0 effacer via les param\u00e8tres de votre navigateur.\u00a0 Vous pouvez aussi configurer votre navigateur de mani\u00e8re \u00e0 toujours refuser les cookies.\u00a0 Ceci peut cependant ralentir l&#8217;utilisation de notre site ou rendre impossible l&#8217;acc\u00e8s \u00e0 certaines fonctionnalit\u00e9s.<\/p>\n<h2>TYPES DE COOKIES<\/h2>\n<p><script type=\"text\/javascript\" charset=\"UTF-8\" data-cookiescriptreport=\"report\" src=\"\/\/report.cookie-script.com\/r\/06a270465c118a5a499c069a7454eacd.js\"><\/script>&nbsp;<\/p>\n","protected":false},"excerpt":{"rendered":"<p>Derni\u00e8re adaptation : le 21 F\u00e9vrier 2019. 1.\u00a0 \u00a0 \u00a0BIENVENUE Creamoda est une asbl, \u00e9tablie Leliegaarde 22, B-1731 Zellik avec pour num\u00e9ro d&#8217;entreprise BE04 07694 265. Dans cette gestion des cookies, nous expliquons les informations que nous pouvons r\u00e9colter via notre site sur base des cookies et comment les utiliser pour am\u00e9liorer nos services. En [&hellip;]<\/p>\n","protected":false},"author":1,"featured_media":0,"parent":0,"menu_order":0,"comment_status":"closed","ping_status":"closed","template":"","meta":{"_acf_changed":false,"inline_featured_image":false,"footnotes":""},"class_list":["post-10702","page","type-page","status-publish","hentry"],"acf":[],"_links":{"self":[{"href":"https:\/\/www.creamoda.be\/fr\/wp-json\/wp\/v2\/pages\/10702","targetHints":{"allow":["GET"]}}],"collection":[{"href":"https:\/\/www.creamoda.be\/fr\/wp-json\/wp\/v2\/pages"}],"about":[{"href":"https:\/\/www.creamoda.be\/fr\/wp-json\/wp\/v2\/types\/page"}],"author":[{"embeddable":true,"href":"https:\/\/www.creamoda.be\/fr\/wp-json\/wp\/v2\/users\/1"}],"replies":[{"embeddable":true,"href":"https:\/\/www.creamoda.be\/fr\/wp-json\/wp\/v2\/comments?post=10702"}],"version-history":[{"count":2,"href":"https:\/\/www.creamoda.be\/fr\/wp-json\/wp\/v2\/pages\/10702\/revisions"}],"predecessor-version":[{"id":14377,"href":"https:\/\/www.creamoda.be\/fr\/wp-json\/wp\/v2\/pages\/10702\/revisions\/14377"}],"wp:attachment":[{"href":"https:\/\/www.creamoda.be\/fr\/wp-json\/wp\/v2\/media?parent=10702"}],"curies":[{"name":"wp","href":"https:\/\/api.w.org\/{rel}","templated":true}]}}