{"id":10307,"date":"2024-11-12T00:52:38","date_gmt":"2024-11-11T22:52:38","guid":{"rendered":"https:\/\/www.creamoda.be\/diensten\/"},"modified":"2024-11-26T10:04:23","modified_gmt":"2024-11-26T08:04:23","slug":"services","status":"publish","type":"page","link":"https:\/\/www.creamoda.be\/fr\/services","title":{"rendered":"Services"},"content":{"rendered":"<h2><strong>CONSEILS SUR MESURE<\/strong><\/h2>\n<p>Toutes les entreprises sont r\u00e9guli\u00e8rement confront\u00e9es \u00e0 des questions d\u2019ordre juridique, social, technologique ou international ou se posent des questions sur la qualit\u00e9, la s\u00e9curit\u00e9 et la durabilit\u00e9 de leurs produits. La cotisation annuelle permet aux membres de faire appel quotidiennement aux comp\u00e9tences de nos conseillers sp\u00e9cialis\u00e9s dans les mati\u00e8res reprises ci-apr\u00e8s :<\/p>\n<p><img loading=\"lazy\" decoding=\"async\" src=\"\/wp-content\/uploads\/2021\/11\/economisch.jpg\" alt=\"\" width=\"57\" height=\"49\" \/>\u00a0International \u2013<span style=\"color: #0000ff;\"><a style=\"color: #0000ff;\" href=\"\/wp-content\/uploads\/2021\/11\/Fiche_Internationaal_Matthias_FR.pdf\" target=\"_blank\" rel=\"noopener\">\u00a0fiche d&#8217;information<\/a><\/span><\/p>\n<p><img loading=\"lazy\" decoding=\"async\" class=\"alignnone wp-image-15371\" src=\"https:\/\/www.creamoda.be\/wp-content\/uploads\/2022\/10\/vrachtwagen.png\" alt=\"\" width=\"51\" height=\"47\" \/> Logistique &#8211;<span style=\"color: #0000ff;\"><a style=\"color: #0000ff;\" href=\"https:\/\/creamodalogistics.be\/fr\/\"> site internet<\/a><\/span><\/p>\n<p><img loading=\"lazy\" decoding=\"async\" src=\"\/wp-content\/uploads\/2021\/11\/juridisch.jpg\" alt=\"\" width=\"52\" height=\"45\" \/>\u00a0Juridique &#8211;<span style=\"color: #0000ff;\">\u00a0<a style=\"color: #0000ff;\" href=\"https:\/\/www.creamoda.be\/wp-content\/uploads\/2022\/03\/Factsheet-Juridisch-Matthias-FR.pdf\" target=\"_blank\" rel=\"noopener\">fiche d&#8217;information<\/a><\/span><\/p>\n<p><img loading=\"lazy\" decoding=\"async\" src=\"\/wp-content\/uploads\/2021\/11\/sociaal.png\" alt=\"\" width=\"54\" height=\"52\" \/>\u00a0Social &#8211;\u00a0<a href=\"\/wp-content\/uploads\/2021\/11\/Factsheet_Sociaal_Erik_FR.pdf\" target=\"_blank\" rel=\"noopener\"><span style=\"color: #0000ff;\">fiche d&#8217;information<\/span><\/a><\/p>\n<p><img loading=\"lazy\" decoding=\"async\" src=\"https:\/wp-content\/uploads\/2021\/11\/productveiligheid.jpg\" alt=\"\" width=\"56\" height=\"48\" \/> S\u00e9curit\u00e9 des produits, qualit\u00e9 et durabilit\u00e9 &#8211; <span style=\"color: #0000ff;\"><a style=\"color: #0000ff;\" href=\"https:\/\/www.creamoda.be\/wp-content\/uploads\/2023\/10\/Factsheet_Kwaliteit-veiligheid-duurzaamheid-FR.pdf\">fiche d&#8217;information<\/a><\/span><\/p>\n<p><img loading=\"lazy\" decoding=\"async\" src=\"\/wp-content\/uploads\/2021\/11\/communicatie.png\" alt=\"\" width=\"55\" height=\"51\" \/>\u00a0Communication\/PR \u2013\u00a0<a href=\"\/wp-content\/uploads\/2021\/11\/Fiche_Communicatie-PR_clean-FR.pdf\" target=\"_blank\" rel=\"noopener\"><span style=\"color: #0000ff;\">fiche d&#8217;information<\/span><\/a><\/p>\n<h2><strong>LOBBYING &amp; NETWORKING<\/strong><\/h2>\n<p>En tant qu&#8217;organisation patronale, Creamoda repr\u00e9sente le secteur et d\u00e9fend les int\u00e9r\u00eats de ses membres et ceux de l&#8217;ensemble du secteur au niveau national et international. A cette fin, la f\u00e9d\u00e9ration travaille en collaboration avec diff\u00e9rentes instances gouvernementales, des organisations patronales et des organisations flamande, bruxelloise et wallonne pour les designers. Creamoda offre \u00e0 ses membres de nombreuses opportunit\u00e9s de r\u00e9seautage via des sessions d&#8217;information et d\u2019autres r\u00e9unions organis\u00e9es par nos partenaires.<\/p>\n<h2><strong>PROMOTION DES MEMBRES<\/strong><\/h2>\n<p>Les membres de Creamoda re\u00e7oivent de la visibilit\u00e9 via nos canaux de communication, comme le site web, un instrument promotionnel unique pour nos membres, la publication bimensuelle \u201cFashion Flash\u201d et les m\u00e9dias sociaux. La visibilit\u00e9 est \u00e9galement assur\u00e9e lors de nouvelles initiatives sectorielles, des s\u00e9ances d&#8217;information et autres activit\u00e9s de r\u00e9seautage.<\/p>\n<p>La brochure <span style=\"color: #0000ff;\"><a style=\"color: #0000ff;\" href=\"https:\/\/www.creamoda.be\/wp-content\/uploads\/2024\/11\/BPPB-FR-NOV24-DEF.pdf\">&#8220;Belgian Production <span style=\"color: #0000ff;\">Partners&#8221;<\/span><\/a> <\/span>est le guide par excellence lorsque vous \u00eates \u00e0 la recherche d&#8217;un fabricant belge pour la r\u00e9alisation d&#8217;une ligne de v\u00eatements ou d&#8217;accessoires.\u00a0 Travailler avec un partenaire de production belge facilite la communication et permet de suivre de pr\u00e8s le processus de production et de rectifier le tir si n\u00e9cessaire.\u00a0 Cette brochure est une initiative de Creamoda en collaboration avec Fedustria et avec le soutien de Flanders DC, MAD Brussels et Wallonie Bruxelles Design Mode (WBDM).<\/p>\n<h2><strong>TARIFS PREFERENTIELS CHEZ LES PARTENAIRES<\/strong><\/h2>\n<p>Creamoda consid\u00e8re qu\u2019il est important d\u2019offrir \u00e0 ses membres des avantages suppl\u00e9mentaires en plus des conseils quotidiens. La f\u00e9d\u00e9ration travaille avec diff\u00e9rents<span style=\"color: #0000ff;\">\u00a0<\/span><a href=\"https:\/\/www.creamoda.be\/fr\/partenaires\/\"><span style=\"color: #0000ff;\">partenaires commerciaux<\/span><\/a>\u00a0qui offrent une r\u00e9duction lors de la conclusion d&#8217;une collaboration. Les partenaires sont vari\u00e9s : soci\u00e9t\u00e9s de ch\u00e8ques-repas, de loisirs, d\u2019articles d\u2019int\u00e9rieur, m\u00e9dias, agences de mannequins et photographes.<\/p>\n<h2><strong>TENDER SERVICE<\/strong><\/h2>\n<p>Gr\u00e2ce au\u00a0<a href=\"https:\/\/www.creamoda.be\/fr\/creamoda-tender-service\/\"><span style=\"color: #0000ff;\">tender service\u00a0<\/span><\/a>en ligne, les membres et non-membres ( les cr\u00e9ateurs, acheteurs et fournisseurs de services) peuvent rechercher des produits sp\u00e9cifiques, des services ou des collaborations. Il suffit d\u2019introduire une demande en ligne. Les membres sont avertis automatiquement et retrouvent l\u2019aper\u00e7u des tenders sur la plateforme <span style=\"color: #0000ff;\"><a style=\"color: #0000ff;\" href=\"https:\/\/www.creamoda.be\/fr\/tender-services\/\">\u201cmembers only\u201d.<\/a><\/span><\/p>\n<h2><strong>PLATEFORME EMPLOI<\/strong><\/h2>\n<p>La\u00a0<a href=\"https:\/\/www.creamoda.be\/fr\/emplois\/\"><span style=\"color: #0000ff;\">plateforme emploi<\/span>\u00a0<\/a>aide les entreprises \u00e0 trouver les travailleurs ad\u00e9quats. Elle donne \u00e9galement aux demandeurs d\u2019emploi un aper\u00e7u des emplois vacants aupr\u00e8s de nos membres et au sein du secteur. Nous vous conseillons \u00e9galement de consulter les banques de donn\u00e9es de l\u2019<span style=\"color: #0000ff;\"><a style=\"color: #0000ff;\" href=\"http:\/\/www.irec.be\/\" target=\"_blank\" rel=\"noopener\">IREC<\/a><\/span>, notre centre sectoriel de formation,\u00a0<span style=\"color: #0000ff;\"><a style=\"color: #0000ff;\" href=\"https:\/\/www.flandersdc.be\/en\" target=\"_blank\" rel=\"noopener\">Flanders DC for Fashion<\/a><\/span>,\u00a0<span style=\"color: #0000ff;\"><a style=\"color: #0000ff;\" href=\"https:\/\/mad.brussels\/fr\" target=\"_blank\" rel=\"noopener\">MAD Brussels<\/a><\/span>,\u00a0<span style=\"color: #0000ff;\"><a style=\"color: #0000ff;\" href=\"https:\/\/fashionunited.be\/fr\/\" target=\"_blank\" rel=\"noopener\">Fashion United<\/a><\/span>\u00a0et\u00a0<a href=\"https:\/\/careerstyler.com\/fr\/index.php\/\" target=\"_blank\" rel=\"noopener\"><span style=\"color: #0000ff;\">Careerstyler<\/span><\/a>.<\/p>\n","protected":false},"excerpt":{"rendered":"<p>CONSEILS SUR MESURE Toutes les entreprises sont r\u00e9guli\u00e8rement confront\u00e9es \u00e0 des questions d\u2019ordre juridique, social, technologique ou international ou se posent des questions sur la qualit\u00e9, la s\u00e9curit\u00e9 et la durabilit\u00e9 de leurs produits. La cotisation annuelle permet aux membres de faire appel quotidiennement aux comp\u00e9tences de nos conseillers sp\u00e9cialis\u00e9s dans les mati\u00e8res reprises ci-apr\u00e8s [&hellip;]<\/p>\n","protected":false},"author":1,"featured_media":0,"parent":0,"menu_order":0,"comment_status":"closed","ping_status":"closed","template":"page-diensten.php","meta":{"_acf_changed":false,"inline_featured_image":false,"footnotes":""},"class_list":["post-10307","page","type-page","status-publish","hentry"],"acf":[],"_links":{"self":[{"href":"https:\/\/www.creamoda.be\/fr\/wp-json\/wp\/v2\/pages\/10307","targetHints":{"allow":["GET"]}}],"collection":[{"href":"https:\/\/www.creamoda.be\/fr\/wp-json\/wp\/v2\/pages"}],"about":[{"href":"https:\/\/www.creamoda.be\/fr\/wp-json\/wp\/v2\/types\/page"}],"author":[{"embeddable":true,"href":"https:\/\/www.creamoda.be\/fr\/wp-json\/wp\/v2\/users\/1"}],"replies":[{"embeddable":true,"href":"https:\/\/www.creamoda.be\/fr\/wp-json\/wp\/v2\/comments?post=10307"}],"version-history":[{"count":31,"href":"https:\/\/www.creamoda.be\/fr\/wp-json\/wp\/v2\/pages\/10307\/revisions"}],"predecessor-version":[{"id":95432,"href":"https:\/\/www.creamoda.be\/fr\/wp-json\/wp\/v2\/pages\/10307\/revisions\/95432"}],"wp:attachment":[{"href":"https:\/\/www.creamoda.be\/fr\/wp-json\/wp\/v2\/media?parent=10307"}],"curies":[{"name":"wp","href":"https:\/\/api.w.org\/{rel}","templated":true}]}}